{"id":9460,"date":"2022-02-15T14:24:17","date_gmt":"2022-02-15T20:24:17","guid":{"rendered":"https:\/\/www.turansa.com\/blog\/?page_id=9460"},"modified":"2022-02-15T14:24:17","modified_gmt":"2022-02-15T20:24:17","slug":"contacto-cotizacion-tours","status":"publish","type":"page","link":"https:\/\/www.turansa.com\/blog\/contacto\/contacto-cotizacion-tours\/","title":{"rendered":"Contacto &#8211; Cotizaci\u00f3n Tours"},"content":{"rendered":"<p>Tiene preguntas acerca de nuestros tours? Quiere hacer una reservaci\u00f3n o necesita una cotizaci\u00f3n para alguno de nuestros Tours? Complete alguno de los siguientes formulario seg\u00fan sus necesidades. Gracias!<\/p>\n<p>[gravityform id=\u00bb7&#8243; title=\u00bbtrue\u00bb description=\u00bbtrue\u00bb]<\/p>\n","protected":false},"excerpt":{"rendered":"<p>Tiene preguntas acerca de nuestros tours? Quiere hacer una reservaci\u00f3n o necesita una cotizaci\u00f3n para alguno de nuestros Tours? Complete alguno de los siguientes formulario seg\u00fan sus necesidades. Gracias! [gravityform id=\u00bb7&#8243; title=\u00bbtrue\u00bb description=\u00bbtrue\u00bb]<\/p>\n","protected":false},"author":1,"featured_media":0,"parent":5852,"menu_order":0,"comment_status":"closed","ping_status":"closed","template":"","meta":{"_genesis_hide_title":false,"_genesis_hide_breadcrumbs":false,"_genesis_hide_singular_image":false,"_genesis_hide_footer_widgets":false,"_genesis_custom_body_class":"","_genesis_custom_post_class":"","_genesis_layout":"","footnotes":""},"class_list":{"0":"post-9460","1":"page","2":"type-page","3":"status-publish","5":"entry"},"_links":{"self":[{"href":"https:\/\/www.turansa.com\/blog\/wp-json\/wp\/v2\/pages\/9460","targetHints":{"allow":["GET"]}}],"collection":[{"href":"https:\/\/www.turansa.com\/blog\/wp-json\/wp\/v2\/pages"}],"about":[{"href":"https:\/\/www.turansa.com\/blog\/wp-json\/wp\/v2\/types\/page"}],"author":[{"embeddable":true,"href":"https:\/\/www.turansa.com\/blog\/wp-json\/wp\/v2\/users\/1"}],"replies":[{"embeddable":true,"href":"https:\/\/www.turansa.com\/blog\/wp-json\/wp\/v2\/comments?post=9460"}],"version-history":[{"count":1,"href":"https:\/\/www.turansa.com\/blog\/wp-json\/wp\/v2\/pages\/9460\/revisions"}],"predecessor-version":[{"id":9462,"href":"https:\/\/www.turansa.com\/blog\/wp-json\/wp\/v2\/pages\/9460\/revisions\/9462"}],"up":[{"embeddable":true,"href":"https:\/\/www.turansa.com\/blog\/wp-json\/wp\/v2\/pages\/5852"}],"wp:attachment":[{"href":"https:\/\/www.turansa.com\/blog\/wp-json\/wp\/v2\/media?parent=9460"}],"curies":[{"name":"wp","href":"https:\/\/api.w.org\/{rel}","templated":true}]}}