{"id":6566,"date":"2014-04-15T07:56:51","date_gmt":"2014-04-15T13:56:51","guid":{"rendered":"http:\/\/www.turansa.com\/blog\/?page_id=6566"},"modified":"2014-07-10T07:28:44","modified_gmt":"2014-07-10T13:28:44","slug":"paquetes-luna-de-miel","status":"publish","type":"page","link":"https:\/\/www.turansa.com\/blog\/paquetes-luna-de-miel\/","title":{"rendered":"Paquetes Luna de Miel"},"content":{"rendered":"<p><img loading=\"lazy\" decoding=\"async\" class=\"aligncenter size-full wp-image-6567\" src=\"http:\/\/www.turansa.com\/blog\/wp-content\/uploads\/2014\/04\/paquetes-luna-de-miel.jpg\" alt=\"paquetes-luna-de-miel\" width=\"750\" height=\"253\" srcset=\"https:\/\/turansa.com\/blog\/wp-content\/uploads\/2014\/04\/paquetes-luna-de-miel.jpg 750w, https:\/\/turansa.com\/blog\/wp-content\/uploads\/2014\/04\/paquetes-luna-de-miel-300x101.jpg 300w\" sizes=\"auto, (max-width: 750px) 100vw, 750px\" \/><\/p>\n<p>Paquetes de Luna de Miel a diferentes destinos del Mundo, puede bajar el archivo .PDF para ver detalles:<\/p>\n<ul>\n<li><a href=\"http:\/\/www.turansa.com\/pdf\/Paquetes-Luna-de-Miel-Africa.pdf\" target=\"_blank\" onclick=\"ga('send', 'event', 'PDF', 'Download', '\u00c1frica', 10);\">\u00c1frica<\/a><\/li>\n<li><a href=\"http:\/\/www.turansa.com\/pdf\/Paquetes-Luna-de-Miel-Centroamerica.pdf\" target=\"_blank\" onclick=\"ga('send', 'event', 'PDF', 'Download', 'Centro Am\u00e9rica', 10);\">Centro Am\u00e9rica<\/a><\/li>\n<li><a href=\"http:\/\/www.turansa.com\/pdf\/Paquetes-Luna-de-Miel-Cruceros.pdf\" target=\"_blank\" onclick=\"ga('send', 'event', 'PDF', 'Download', 'Cruceros', 10);\">Cruceros<\/a><\/li>\n<li><a href=\"http:\/\/www.turansa.com\/pdf\/Paquetes-Luna-de-Miel-Estados-Unidos.pdf\" target=\"_blank\" onclick=\"ga('send', 'event', 'PDF', 'Download', 'Estados Unidos', 10);\">Estados Unidos<\/a><\/li>\n<li><a href=\"http:\/\/www.turansa.com\/pdf\/Paquetes-Luna-de-Miel-Europa.pdf\" target=\"_blank\" onclick=\"ga('send', 'event', 'PDF', 'Download', 'Europa', 10);\">Europa<\/a><\/li>\n<li><a href=\"http:\/\/www.turansa.com\/pdf\/Paquetes-Luna-de-Miel-Mexico.pdf\" target=\"_blank\" onclick=\"ga('send', 'event', 'PDF', 'Download', 'M\u00e9xico', 10);\">M\u00e9xico<\/a><\/li>\n<li><a href=\"http:\/\/www.turansa.com\/pdf\/Paquetes-Luna-de-Miel-Sudamerica.pdf\" target=\"_blank\" onclick=\"ga('send', 'event', 'PDF', 'Download', 'Sudam\u00e9rica', 10);\">Sudam\u00e9rica<\/a><\/li>\n<\/ul>\n<p>Tambi\u00e9n puede leer el catalogo en l\u00ednea abajo:<\/p>\n<div class=\"issuuembed\" style=\"width: 1oo%; height: 371px;\" data-configid=\"9794617\/7439347\"><\/div>\n<p><script src=\"\/\/e.issuu.com\/embed.js\" async=\"true\"><\/script><\/p>\n","protected":false},"excerpt":{"rendered":"<p>Paquetes de Luna de Miel a diferentes destinos del Mundo, puede bajar el archivo .PDF para ver detalles: \u00c1frica Centro Am\u00e9rica Cruceros Estados Unidos Europa M\u00e9xico Sudam\u00e9rica Tambi\u00e9n puede leer el catalogo en l\u00ednea abajo:<\/p>\n","protected":false},"author":1,"featured_media":0,"parent":0,"menu_order":0,"comment_status":"open","ping_status":"open","template":"","meta":{"_genesis_hide_title":false,"_genesis_hide_breadcrumbs":false,"_genesis_hide_singular_image":false,"_genesis_hide_footer_widgets":false,"_genesis_custom_body_class":"","_genesis_custom_post_class":"","_genesis_layout":"","footnotes":""},"class_list":{"0":"post-6566","1":"page","2":"type-page","3":"status-publish","5":"entry","6":"has-post-thumbnail"},"_links":{"self":[{"href":"https:\/\/www.turansa.com\/blog\/wp-json\/wp\/v2\/pages\/6566","targetHints":{"allow":["GET"]}}],"collection":[{"href":"https:\/\/www.turansa.com\/blog\/wp-json\/wp\/v2\/pages"}],"about":[{"href":"https:\/\/www.turansa.com\/blog\/wp-json\/wp\/v2\/types\/page"}],"author":[{"embeddable":true,"href":"https:\/\/www.turansa.com\/blog\/wp-json\/wp\/v2\/users\/1"}],"replies":[{"embeddable":true,"href":"https:\/\/www.turansa.com\/blog\/wp-json\/wp\/v2\/comments?post=6566"}],"version-history":[{"count":18,"href":"https:\/\/www.turansa.com\/blog\/wp-json\/wp\/v2\/pages\/6566\/revisions"}],"predecessor-version":[{"id":6714,"href":"https:\/\/www.turansa.com\/blog\/wp-json\/wp\/v2\/pages\/6566\/revisions\/6714"}],"wp:attachment":[{"href":"https:\/\/www.turansa.com\/blog\/wp-json\/wp\/v2\/media?parent=6566"}],"curies":[{"name":"wp","href":"https:\/\/api.w.org\/{rel}","templated":true}]}}