{"id":6423,"date":"2014-02-26T08:42:45","date_gmt":"2014-02-26T14:42:45","guid":{"rendered":"http:\/\/www.turansa.com\/blog\/?page_id=6423"},"modified":"2016-01-14T13:50:52","modified_gmt":"2016-01-14T19:50:52","slug":"catalogo-de-excursiones","status":"publish","type":"page","link":"https:\/\/www.turansa.com\/blog\/catalogo-de-excursiones\/","title":{"rendered":"Cat\u00e1logos de Viajes"},"content":{"rendered":"<p><img loading=\"lazy\" decoding=\"async\" class=\"aligncenter size-full wp-image-6424\" src=\"http:\/\/www.turansa.com\/blog\/wp-content\/uploads\/2014\/02\/catalogos-turansa1.jpg\" alt=\"catalogos-turansa1\" width=\"750\" height=\"440\" srcset=\"https:\/\/turansa.com\/blog\/wp-content\/uploads\/2014\/02\/catalogos-turansa1.jpg 750w, https:\/\/turansa.com\/blog\/wp-content\/uploads\/2014\/02\/catalogos-turansa1-300x176.jpg 300w\" sizes=\"auto, (max-width: 750px) 100vw, 750px\" \/> Puedes ver nuestros cat\u00e1logos en l\u00ednea:<\/p>\n<ul>\n<li><a title=\"Cat\u00e1logo de Excursiones 2015\" href=\"https:\/\/issuu.com\/turansa\/docs\/catalogoexcursionesturansa2016\" target=\"_blank\">Cat\u00e1logo Excursiones 2016<\/a><\/li>\n<li><a title=\"Travel Catalog\" href=\"http:\/\/issuu.com\/turansa\/docs\/turansatravelcatalog\" target=\"_blank\">Cat\u00e1logo Tours Guatemala (Ingl\u00e9s)<\/a><\/li>\n<\/ul>\n<h2>Cat\u00e1logo<\/h2>\n<div class=\"issuuembed\" style=\"width: 100%; height: 371px;\" data-configid=\"9794617\/32767390\"><\/div>\n<p><script src=\"\/\/e.issuu.com\/embed.js\" async=\"true\"><\/script><\/p>\n","protected":false},"excerpt":{"rendered":"<p>Puedes ver nuestros cat\u00e1logos en l\u00ednea: Cat\u00e1logo Excursiones 2016 Cat\u00e1logo Tours Guatemala (Ingl\u00e9s) Cat\u00e1logo<\/p>\n","protected":false},"author":1,"featured_media":0,"parent":0,"menu_order":0,"comment_status":"open","ping_status":"open","template":"","meta":{"_genesis_hide_title":false,"_genesis_hide_breadcrumbs":false,"_genesis_hide_singular_image":false,"_genesis_hide_footer_widgets":false,"_genesis_custom_body_class":"","_genesis_custom_post_class":"","_genesis_layout":"","footnotes":""},"class_list":{"0":"post-6423","1":"page","2":"type-page","3":"status-publish","5":"entry","6":"has-post-thumbnail"},"_links":{"self":[{"href":"https:\/\/www.turansa.com\/blog\/wp-json\/wp\/v2\/pages\/6423","targetHints":{"allow":["GET"]}}],"collection":[{"href":"https:\/\/www.turansa.com\/blog\/wp-json\/wp\/v2\/pages"}],"about":[{"href":"https:\/\/www.turansa.com\/blog\/wp-json\/wp\/v2\/types\/page"}],"author":[{"embeddable":true,"href":"https:\/\/www.turansa.com\/blog\/wp-json\/wp\/v2\/users\/1"}],"replies":[{"embeddable":true,"href":"https:\/\/www.turansa.com\/blog\/wp-json\/wp\/v2\/comments?post=6423"}],"version-history":[{"count":44,"href":"https:\/\/www.turansa.com\/blog\/wp-json\/wp\/v2\/pages\/6423\/revisions"}],"predecessor-version":[{"id":7548,"href":"https:\/\/www.turansa.com\/blog\/wp-json\/wp\/v2\/pages\/6423\/revisions\/7548"}],"wp:attachment":[{"href":"https:\/\/www.turansa.com\/blog\/wp-json\/wp\/v2\/media?parent=6423"}],"curies":[{"name":"wp","href":"https:\/\/api.w.org\/{rel}","templated":true}]}}