{"id":5852,"date":"2013-07-01T03:53:15","date_gmt":"2013-07-01T09:53:15","guid":{"rendered":"http:\/\/www.turansa.com\/blog\/?page_id=5852"},"modified":"2024-10-08T03:20:09","modified_gmt":"2024-10-08T09:20:09","slug":"contacto","status":"publish","type":"page","link":"https:\/\/www.turansa.com\/blog\/contacto\/","title":{"rendered":"Contacto"},"content":{"rendered":"<p>\u00bfTiene preguntas acerca de nuestras Excursiones, Paquetes o necesita precios de Boletos A\u00e9reos? \u00bfQuiere hacer una reservaci\u00f3n o necesita una cotizaci\u00f3n? Complete alguno de los siguientes formulario seg\u00fan sus necesidades. Gracias!<\/p>\n<div class=\"one-third first\">\n<p><img loading=\"lazy\" decoding=\"async\" class=\"aligncenter size-full wp-image-6955 p7-animate zoom-in\" src=\"\/\/www.turansa.com\/blog\/wp-content\/uploads\/2013\/07\/paquetes.gif\" alt=\"paquetes\" width=\"64\" height=\"64\" \/><\/p>\n<h3>Paquetes Vacacionales<\/h3>\n<p>Necesita una cotizaci\u00f3n para alguno de nuestros paquetes vacacionales. Por favor complete el siguiente formulario.<\/p>\n<p><a class=\"button-googleplus\" href=\"\/\/www.turansa.com\/blog\/cotizacion-paquetes\/\">Paquetes<\/a><\/p>\n<\/div>\n<div class=\"one-third\">\n<p><img loading=\"lazy\" decoding=\"async\" class=\"aligncenter size-full wp-image-6953 p7-animate zoom-in p7-ani-delay-half\" src=\"\/\/www.turansa.com\/blog\/wp-content\/uploads\/2013\/07\/boletos-aereos.gif\" alt=\"boletos-aereos\" width=\"64\" height=\"64\" \/><\/p>\n<h3>Boletos A\u00e9reos<\/h3>\n<p>Necesita cotizar boletos a\u00e9reos saliendo de Guatemala. Por favor complete el siguiente formulario.<\/p>\n<p><a class=\"button-googleplus\" href=\"\/\/www.turansa.com\/blog\/cotizacion-boletos-aereos\/\">Boletos A\u00e9reos<\/a><\/p>\n<\/div>\n<div class=\"one-third\">\n<p><img loading=\"lazy\" decoding=\"async\" class=\"aligncenter size-full wp-image-6954 p7-animate zoom-in p7-ani-delay-1\" src=\"\/\/www.turansa.com\/blog\/wp-content\/uploads\/2013\/07\/excursiones.gif\" alt=\"excursiones\" width=\"64\" height=\"64\" \/><\/p>\n<h3>Excursiones<\/h3>\n<p>\u00bfEsta interesado en ser parte de alguna de nuestras famosas excursiones alrededor del mundo? \u00bfNecesita una cotizaci\u00f3n?<\/p>\n<p><a class=\"button-googleplus\" href=\"\/\/www.turansa.com\/blog\/cotizacion-excursiones\/\">Excursiones<\/a><\/p>\n<\/div>\n<p>&nbsp;<\/p>\n<p><script charset=\"utf-8\" type=\"text\/javascript\" src=\"\/\/js-eu1.hsforms.net\/forms\/embed\/v2.js\"><\/script><br \/>\n<script>\n  hbspt.forms.create({\n    region: \"eu1\",\n    portalId: \"145404563\",\n    formId: \"8e1a5c7a-6052-4134-aa21-b23452a21484\"\n  });\n<\/script><\/p>\n","protected":false},"excerpt":{"rendered":"<p>\u00bfTiene preguntas acerca de nuestras Excursiones, Paquetes o necesita precios de Boletos A\u00e9reos? \u00bfQuiere hacer una reservaci\u00f3n o necesita una cotizaci\u00f3n? Complete alguno de los siguientes formulario seg\u00fan sus necesidades. Gracias! Paquetes Vacacionales Necesita una cotizaci\u00f3n para alguno de nuestros paquetes vacacionales. Por favor complete el siguiente formulario. Paquetes Boletos A\u00e9reos Necesita cotizar boletos a\u00e9reos [&hellip;]<\/p>\n","protected":false},"author":1,"featured_media":0,"parent":0,"menu_order":0,"comment_status":"closed","ping_status":"closed","template":"","meta":{"_genesis_hide_title":false,"_genesis_hide_breadcrumbs":false,"_genesis_hide_singular_image":false,"_genesis_hide_footer_widgets":false,"_genesis_custom_body_class":"","_genesis_custom_post_class":"","_genesis_layout":"full-width-content","footnotes":""},"class_list":{"0":"post-5852","1":"page","2":"type-page","3":"status-publish","5":"entry","6":"has-post-thumbnail"},"_links":{"self":[{"href":"https:\/\/www.turansa.com\/blog\/wp-json\/wp\/v2\/pages\/5852","targetHints":{"allow":["GET"]}}],"collection":[{"href":"https:\/\/www.turansa.com\/blog\/wp-json\/wp\/v2\/pages"}],"about":[{"href":"https:\/\/www.turansa.com\/blog\/wp-json\/wp\/v2\/types\/page"}],"author":[{"embeddable":true,"href":"https:\/\/www.turansa.com\/blog\/wp-json\/wp\/v2\/users\/1"}],"replies":[{"embeddable":true,"href":"https:\/\/www.turansa.com\/blog\/wp-json\/wp\/v2\/comments?post=5852"}],"version-history":[{"count":23,"href":"https:\/\/www.turansa.com\/blog\/wp-json\/wp\/v2\/pages\/5852\/revisions"}],"predecessor-version":[{"id":9957,"href":"https:\/\/www.turansa.com\/blog\/wp-json\/wp\/v2\/pages\/5852\/revisions\/9957"}],"wp:attachment":[{"href":"https:\/\/www.turansa.com\/blog\/wp-json\/wp\/v2\/media?parent=5852"}],"curies":[{"name":"wp","href":"https:\/\/api.w.org\/{rel}","templated":true}]}}