{"id":532,"date":"2009-01-23T09:32:46","date_gmt":"2009-01-23T16:32:46","guid":{"rendered":"http:\/\/www.turansa.com\/blog\/?page_id=532"},"modified":"2015-01-14T09:43:22","modified_gmt":"2015-01-14T15:43:22","slug":"hoteles","status":"publish","type":"page","link":"https:\/\/www.turansa.com\/blog\/hoteles\/","title":{"rendered":"Hoteles"},"content":{"rendered":"<h2>Hoteles &#8211; Reservas en l\u00ednea<\/h2>\n<div class=\"button-yellow p7-animate fade-in-down\">Click &#038; Collect<\/div>\n<div class=\"one-fourth first\"><img loading=\"lazy\" decoding=\"async\" src=\"http:\/\/www.turansa.com\/blog\/wp-content\/uploads\/2011\/01\/sistemadereservas.png\" alt=\"sistemadereservas\" width=\"90\" height=\"90\" class=\"aligncenter size-full wp-image-7001 p7-animate zoom-in\" \/><a href=\"#one\"><\/p>\n<h3>Paso 1<\/h3>\n<div class=\"content-box-gray  p7-animate fade-in-left\">Utiliza nuestro Sistema de Reservas en l\u00ednea.<\/a><\/div>\n<\/div>\n<div class=\"one-fourth\"><img loading=\"lazy\" decoding=\"async\" src=\"http:\/\/www.turansa.com\/blog\/wp-content\/uploads\/2015\/01\/hotel.png\" alt=\"hoteles\" width=\"90\" height=\"90\" class=\"aligncenter size-full wp-image-6953 p7-animate zoom-in p7-ani-delay-half\" \/><\/p>\n<h3>Paso 2<\/h3>\n<div class=\"content-box-gray p7-animate fade-in-left p7-ani-delay-half\">Compara precios de Hoteles y Reserva.<\/div>\n<\/div>\n<div class=\"one-fourth\"><img loading=\"lazy\" decoding=\"async\" src=\"http:\/\/www.turansa.com\/blog\/wp-content\/uploads\/2011\/01\/paguesuboleto.png\" alt=\"paguesuboleto\" width=\"90\" height=\"90\" class=\"aligncenter size-full wp-image-7000 p7-animate zoom-in p7-ani-delay-1\" \/><\/p>\n<h3>Paso 3<\/h3>\n<div class=\"content-box-gray p7-animate fade-in-left p7-ani-delay-1\">Paga en sucursales \u00f3 depositanos.<\/div>\n<\/div>\n<div class=\"one-fourth\"><img loading=\"lazy\" decoding=\"async\" src=\"http:\/\/www.turansa.com\/blog\/wp-content\/uploads\/2011\/01\/recibaensucursal.png\" alt=\"recibaensucursal\" width=\"90\" height=\"90\" class=\"aligncenter size-full wp-image-6999 p7-animate zoom-in p7-ani-delay-1-andhalf\" \/><\/p>\n<h3>Paso 4<\/h3>\n<div class=\"content-box-gray p7-animate fade-in-left p7-ani-delay-1-andhalf\">Recibe tu voucher en alguna sucursal \u00f3 en casa.<\/div>\n<\/div>\n<p><\/p>\n<p>Reserve su Hotel en l\u00ednea y p\u00e1ge su estad\u00eda en alguna de nuestras sucursales dentro de la Rep\u00fablica de Guatemala. Recuerde siempre tener su n\u00famero de reserva listo a la hora de <a href=\"http:\/\/www.turansa.com\/blog\/contacto\/\">contactarnos<\/a>. El <strong>N\u00famero de Reserva<\/strong> est\u00e1 incluido dentro del correo electr\u00f3nico en la confirmaci\u00f3n de la reserva. Puede encontrar alguna de nuestras sucursales en la seccion <a href=\"http:\/\/www.turansa.com\/castellano\/paginas\/add\/oficinas.htm\" target=\"_blank\">Oficinas de Turansa<\/a>.<\/p>\n<p><\/p>\n<h2>Sistema de Reservas en l\u00ednea<\/h2>\n<p id=\"one\" ><iframe loading=\"lazy\" src=\"http:\/\/www.turansa.com\/blog\/hoteles.html\" height=\"450\" width=\"100%\" frameborder=\"0\" scrolling=\"no\"><\/iframe><\/p>\n<div class=\"content-box-red\"><em><strong>Nota:<\/strong> Sujeto al uso \u00fanicamente dentro de el territorio de la Rep\u00fablica de Guatemala, Centro America. T\u00e9rminos y Condiciones: Nuestro sistema de reservaciones en L\u00ednea es solo para reservar vuelos. Los boletos deben ser pagados en alguna de nuestras sucursales para poder viajar. Mas informaci\u00f3n en nuestros <a title=\"Terminos y Condiciones\" href=\"http:\/\/www.turansa.com\/castellano\/paginas\/add\/formadepago.htm\">Terminos y Condiciones<\/a>.<\/em><\/div>\n","protected":false},"excerpt":{"rendered":"<p>Hoteles &#8211; Reservas en l\u00ednea Click &#038; Collect Paso 1 Utiliza nuestro Sistema de Reservas en l\u00ednea. Paso 2 Compara precios de Hoteles y Reserva. Paso 3 Paga en sucursales \u00f3 depositanos. Paso 4 Recibe tu voucher en alguna sucursal \u00f3 en casa. Reserve su Hotel en l\u00ednea y p\u00e1ge su estad\u00eda en alguna de [&hellip;]<\/p>\n","protected":false},"author":1,"featured_media":0,"parent":0,"menu_order":0,"comment_status":"closed","ping_status":"closed","template":"","meta":{"_genesis_hide_title":false,"_genesis_hide_breadcrumbs":false,"_genesis_hide_singular_image":false,"_genesis_hide_footer_widgets":false,"_genesis_custom_body_class":"","_genesis_custom_post_class":"","_genesis_layout":"full-width-content","footnotes":""},"class_list":{"0":"post-532","1":"page","2":"type-page","3":"status-publish","5":"entry","6":"has-post-thumbnail"},"_links":{"self":[{"href":"https:\/\/www.turansa.com\/blog\/wp-json\/wp\/v2\/pages\/532","targetHints":{"allow":["GET"]}}],"collection":[{"href":"https:\/\/www.turansa.com\/blog\/wp-json\/wp\/v2\/pages"}],"about":[{"href":"https:\/\/www.turansa.com\/blog\/wp-json\/wp\/v2\/types\/page"}],"author":[{"embeddable":true,"href":"https:\/\/www.turansa.com\/blog\/wp-json\/wp\/v2\/users\/1"}],"replies":[{"embeddable":true,"href":"https:\/\/www.turansa.com\/blog\/wp-json\/wp\/v2\/comments?post=532"}],"version-history":[{"count":48,"href":"https:\/\/www.turansa.com\/blog\/wp-json\/wp\/v2\/pages\/532\/revisions"}],"predecessor-version":[{"id":7173,"href":"https:\/\/www.turansa.com\/blog\/wp-json\/wp\/v2\/pages\/532\/revisions\/7173"}],"wp:attachment":[{"href":"https:\/\/www.turansa.com\/blog\/wp-json\/wp\/v2\/media?parent=532"}],"curies":[{"name":"wp","href":"https:\/\/api.w.org\/{rel}","templated":true}]}}