{"id":1847,"date":"2010-01-07T13:50:43","date_gmt":"2010-01-07T20:50:43","guid":{"rendered":"http:\/\/www.turansa.com\/blog\/?page_id=1847"},"modified":"2012-11-05T13:18:22","modified_gmt":"2012-11-05T20:18:22","slug":"lo-mejor-de-europa","status":"publish","type":"page","link":"https:\/\/www.turansa.com\/blog\/viajes-europa\/paquetes-a-europa\/lo-mejor-de-europa\/","title":{"rendered":"Lo Mejor de Europa"},"content":{"rendered":"<h2>Paquete Lo Mejor de Europa<\/h2>\n<blockquote><p>15 \u00f3 17\u00a0 D\u00edas Desde 1.310 \u20ac<br \/>\nLondres \u2013 Paris \u2013 El Rin \u2013 Frankfurt \u2013 Regensburg \u2013 Viena \u2013 Venecia \u2013 Padua \u2013 Florencia \u2013 San Giminiano \u2013 Siena &#8211; Roma<\/p><\/blockquote>\n<p>D\u00eda 1\u00ba\u00a0 (S\u00e1bado) AMERICA<br \/>\nSalida en vuelo\u00a0 intercontinental con destino a Londres<\/p>\n<p>D\u00eda 2\u00ba (Domingo) LONDRES<br \/>\nLlegada al aeropuerto Heathrow y traslado al Hotel.. D\u00eda libre para tomar contacto con la ciudad\u00a0 y pasear por el centro comercial de esta gran\u00a0 urbe. Alojamiento.<\/p>\n<p>D\u00eda 3\u00ba (Lunes) LONDRES<br \/>\nDesayuno en el Hotel y salida para hacer la visita de la ciudad recorriendo sus principales avenidas y monumentos Piccadilly Circus, Oxford Street, Trafalgar Square, Abad\u00eda de Westminster y terminado frente al Palacio de Buckinghan para asistir al cambio de guardia. Tarde\u00a0 libre. Alojamiento.<\/p>\n<p>D\u00eda 4\u00ba (Martes)\u00a0 LONDRES \/ PARIS\u00a0 en EUROSTAR<br \/>\nDesayuno\u00a0 y tiempo libre hasta ser conducidos a la estaci\u00f3n para tomar el tren Eurostar que nos conducir\u00e1 a Paris atravesando el Canal de la Mancha por el T\u00fanel bajo el Mar del Norte. Llegada a la capital de Francia y traslado al Hotel. Tiempo libre. A \u00faltima hora de la tarde salida para hacer un\u00a0 recorrido por el Paris iluminado, y\u00a0 tendremos la ocasi\u00f3n de realizar\u00a0 un bello paseo en barco por El Sena a bordo de los populares\u00a0 \u201cbateaux mouche\u201d\u00a0 (Paseo en Bateaux Mouche incluido en el Paquete Plus P+)\u00a0 Alojamiento. Para los Pasajeros incorporandose en Paris: Traslado del aeropuerto al Hotel y tiempo libre hasta ultima hora de la tarde en que se uniran el tour de Iluminaciones<\/p>\n<p>D\u00eda 5\u00ba (Miercoles) PARIS<br \/>\nDesayuno Buffet en el Hotel. Salida para efectuar el recorrido de la ciudad, sus principales avenidas y monumentos como son :la isla de la Cit\u00e9, Notre Dame, el Arco de Triunfo, los Campos El\u00edseos, los Inv\u00e1lidos, la Opera y la Torre Eiffel, teniendo la oportunidad de subir a la misma para admirar desde all\u00ed una bella panor\u00e1mica de todo Par\u00eds. (Subida a la Torre Eiffel 2\u00ba Piso incluida en el Paquete Plus P+)\u00a0 Nuestra visita terminar\u00e1 en el barrio latino donde tendremos la opci\u00f3n de degustar el almuerzo en un t\u00edpico Bistrot. (Almuerzo incluido en el Paquete Plus P+) . Por la tarde sugerimos hacer una visita opcional a Versalles para poder visitar su bello Palacio y famosos jardines. Alojamiento.<\/p>\n<p>D\u00eda 6\u00ba (Jueves) PARIS<br \/>\nDesayuno Buffet en el Hotel. Destinaremos este d\u00eda a pasear libremente por la ciudad, sus paseos y bulevares, y quiz\u00e1 acercarnos\u00a0 al museo del Louvre para poder conocer su gran colecci\u00f3n de arte\u00a0 y terminar asistiendo al espect\u00e1culo del\u00a0 Molino\u00a0 Rojo o el\u00a0 Lido . Alojamiento.<\/p>\n<p>D\u00eda 7\u00ba (Viernes) PARIS \/ KOBLENZA \/ FRANKFURT (620 Kms)\u00a0 \u201cCRUCERO POR EL RIO RIN\u201d<br \/>\nDespu\u00e9s del desayuno buffet saldremos en direcci\u00f3n a la regi\u00f3n del Champagne, prosiguiendo viaje\u00a0 a Alemania para llegar a Koblenza bella ciudad a orillas del rio Rin por el cual haremos un delicioso paseo-crucero (desde Abril ) embarc\u00e1ndonos en Boppard hasta St Goar desde donde proseguiremos nuestro camino a Frankfurt por cuyo centro podremos pasear y aprovechar para degustar una sabrosa cerveza y unas t\u00edpicas salchichas. (Cena Incluida en el Paquete Plus P+). Alojamiento. en los alrededores de Frankfurt.<\/p>\n<p>D\u00eda 8\u00ba\u00a0 (S\u00e1bado) FRANKFURT \/ REGENSBURG \/\u00a0 VIENA \u201cLA RUTA ROMANTICA\u201d (724 Kms)<br \/>\nDesayuno Buffet en nuestro Hotel y salida hacia una de las m\u00e1s bellas regiones de Alemania conocida como la Alemania Rom\u00e1ntica. Llegaremos a Regensburg, una ciudad con un pasado glorioso. Tiempo libre para el almuerzo (Almuerzo incluido en el Paquete Plus P+). Por la tarde continuacion a Austria para llegar a Viena, la ciudad de los Valses a ultima hora de la tarde. Alojamiento.<\/p>\n<p>D\u00eda 9\u00ba (Domingo) VIENA<br \/>\nDesayuno buffet. Salida para hacer nuestro recorrido por la ciudad . A lo largo de los Rings podremos admirar sus suntuosos edificios como el Museo de las Artes Aplicadas, la Opera, los Museos de Bellas Artes y Ciencias, el Parlamento, el Ayuntamiento hasta llegar al Palacio de Schoenbrunn antigua residencia de la familia imperial. Al terminar nuestra visita tiempo libre para almorzar. Tarde Libre. A \u00faltima hora salida asistir opcionalmente a un espect\u00e1culo de valses<br \/>\nvieneses y cena. (Cena y espect\u00e1culo incluido en el Paquete Plus P+). Alojamiento<\/p>\n<p>D\u00eda 10\u00ba (Lunes) VIENA \/ KLAGENFURT \/VENECIA (596 Kms)<br \/>\nDesayuno Buffet y salida hacia Venecia Tiempo libre en ruta para almorzar y continuaci\u00f3n hacia Italia donde entraremos por Udine para llegar a Venecia a media tarde.<\/p>\n<p>Dia 11\u00ba (Martes) VENECIA<br \/>\nDesayuno Bufet, Salida al trochetto para tomar el vaporetto que nos conducira a San Marcos. Visita de la ciudad por la ma\u00f1ana..(Almuerzo incluido en el Paqute Plus P+)Tiempo libre en la ciudad antes de opcionalmente poder gacer un paseo en barco por la Laguna. (Paseo por la Laguna incluido en el Paquete Plus P+)\u00a0 Alojamiento<\/p>\n<p>D\u00eda 12\u00ba (Miercoles)\u00a0 VENECIA\/ VERONA \/ PADUA \/ FLORENCIA\u00a0 (360 Kms)<br \/>\nDesayuno Buffet. Salida hacia Verona, y tiempo libre para recorrer su centro historico\u00a0 y recordar la bella historia de Romeo y Julieta. Continuaci\u00f3n a Padua, donde podremos visitar la Bas\u00edlica de San Antonio. Por la tarde llegada a Florencia, la ciudad m\u00e1s bella de Europa, por su riqueza arquitect\u00f3nica y art\u00edstica. Alojamiento en el Hotel.<\/p>\n<p>D\u00eda 13\u00ba (Jueves) FLORENCIA<br \/>\nDesayuno en el Hotel. Por la ma\u00f1ana recorreremos el centro art\u00edstico de la ciudad con su Duomo, el Campanile de Giotto, el Baptisterio de San Giovanni, la Iglesia de S. Lorenzo, la Plaza de la Signoria, la Loggia di Lanzi y la Iglesia de Sta Maria dei Fiore, terminando en el Ponte Vecchio, antiguo centro comercial de la ciudad.\u00a0 (Almuerzo incluido\u00a0 en Paquete Plus P+).\u00a0 Por la tarde sugerimos llegarnos a visitar el famoso Museo de la Accademia para poder admirar entre sus obras el David de Miguel Angel Alojamiento.<\/p>\n<p>D\u00eda 14\u00ba (Viernes) FLORENCIA \/ SAN GIMINIANO \/ SIENA \/ ROMA (366 Kms)<br \/>\nDesayuno Buffet y salida para realizar uno de los d\u00edas m\u00e1s completos de nuestro viaje. La llegada a San Giminiano nos llenar\u00e1 de asombro y estupor ante la vista de la ciudad de las Torres. Poco m\u00e1s tarde estaremos en la Plaza del Campo de Siena, y recordaremos las bellas im\u00e1genes de la famosa \u201ccarrera del palio\u201d que se celebra en ella todos los a\u00f1os. Tiempo libre para almorzar (Almuerzo incluido en el Paquete Plus P+). Continuaci\u00f3n a Roma. A \u00faltima hora haremos un recorrido de la Roma Iluminada para poder admirar todo el esplendor de la ciudad y sus bellos monumentos.\u00a0 Alojamiento.<\/p>\n<p>D\u00eda 15\u00ba (Sabado) ROMA<br \/>\nDesayuno Buffet. Salida para poder realizar opcionalmente la visita detallada del Vaticano incluyendo sus Museos, Capilla Sixtina y Bas\u00edlica del Vaticano. (Visita al Museo Vaticano Incluida en el Paquete Plus P+) al t\u00e9rmino de la visita al Vaticano haremos un recorrido panor\u00e1mico de la ciudad eterna visitando la Plaza de Venecia con el Monumento a Victor Emmanuel II, los Foros Imperiales y Romanos, San Juan de Letran, el\u00a0 Templo de Vesta, El Coliseo, Arco de Constantino, la Via Veneto y el Castillo de St. Angelo. Al t\u00e9rmino de nuestra visita sugerimos disfruytar vde un buen almuerzo en un restaurante t\u00edpico italiano. . (Almuerzo Incluido en el Paquete Plus P +) Alojamiento.<\/p>\n<p>D\u00eda 16\u00ba (Domingo) ROMA<br \/>\nDesayuno. D\u00eda libre en Roma. Sugerimos en este d\u00eda tomar una excursi\u00f3n de todo el d\u00eda par visitar las bella ciudad de N\u00e1poles y\u00a0 la Isla de Capri, Alojamiento<\/p>\n<p>Dia 17\u00ba (Lunes) ROMA<br \/>\nDesayuno Bufet. A la hora prevista traslado al aeropuerto para tomar el vuelo de salida.<\/p>\n<p><strong>Para m\u00e1s informaci\u00f3n:<\/strong><\/p>\n<ul>\n<li>Turansa Eskala Roosevelt PBX: 2390-5757. (Abierto S\u00e1bados, Domingos y d\u00edas h\u00e1biles hasta 8:00 pm)<\/li>\n<li>Turansa Aguilar Batres 2476-0447<\/li>\n<li>Turansa Geminis 10 Zona Viva 23382361-74-98-99<\/li>\n<li>Antigua Guatemala 56512289<\/li>\n<\/ul>\n","protected":false},"excerpt":{"rendered":"<p>Paquete Lo Mejor de Europa 15 \u00f3 17\u00a0 D\u00edas Desde 1.310 \u20ac Londres \u2013 Paris \u2013 El Rin \u2013 Frankfurt \u2013 Regensburg \u2013 Viena \u2013 Venecia \u2013 Padua \u2013 Florencia \u2013 San Giminiano \u2013 Siena &#8211; Roma D\u00eda 1\u00ba\u00a0 (S\u00e1bado) AMERICA Salida en vuelo\u00a0 intercontinental con destino a Londres D\u00eda 2\u00ba (Domingo) LONDRES Llegada al [&hellip;]<\/p>\n","protected":false},"author":1,"featured_media":0,"parent":1869,"menu_order":0,"comment_status":"open","ping_status":"open","template":"","meta":{"_genesis_hide_title":false,"_genesis_hide_breadcrumbs":false,"_genesis_hide_singular_image":false,"_genesis_hide_footer_widgets":false,"_genesis_custom_body_class":"","_genesis_custom_post_class":"","_genesis_layout":"","footnotes":""},"class_list":{"0":"post-1847","1":"page","2":"type-page","3":"status-publish","5":"entry"},"_links":{"self":[{"href":"https:\/\/www.turansa.com\/blog\/wp-json\/wp\/v2\/pages\/1847","targetHints":{"allow":["GET"]}}],"collection":[{"href":"https:\/\/www.turansa.com\/blog\/wp-json\/wp\/v2\/pages"}],"about":[{"href":"https:\/\/www.turansa.com\/blog\/wp-json\/wp\/v2\/types\/page"}],"author":[{"embeddable":true,"href":"https:\/\/www.turansa.com\/blog\/wp-json\/wp\/v2\/users\/1"}],"replies":[{"embeddable":true,"href":"https:\/\/www.turansa.com\/blog\/wp-json\/wp\/v2\/comments?post=1847"}],"version-history":[{"count":6,"href":"https:\/\/www.turansa.com\/blog\/wp-json\/wp\/v2\/pages\/1847\/revisions"}],"predecessor-version":[{"id":5007,"href":"https:\/\/www.turansa.com\/blog\/wp-json\/wp\/v2\/pages\/1847\/revisions\/5007"}],"up":[{"embeddable":true,"href":"https:\/\/www.turansa.com\/blog\/wp-json\/wp\/v2\/pages\/1869"}],"wp:attachment":[{"href":"https:\/\/www.turansa.com\/blog\/wp-json\/wp\/v2\/media?parent=1847"}],"curies":[{"name":"wp","href":"https:\/\/api.w.org\/{rel}","templated":true}]}}