{"id":1824,"date":"2010-01-07T11:08:25","date_gmt":"2010-01-07T18:08:25","guid":{"rendered":"http:\/\/www.turansa.com\/blog\/?page_id=1824"},"modified":"2012-11-05T13:19:34","modified_gmt":"2012-11-05T20:19:34","slug":"europa-en-breve-desde-londres","status":"publish","type":"page","link":"https:\/\/www.turansa.com\/blog\/viajes-europa\/paquetes-a-europa\/europa-en-breve-desde-londres\/","title":{"rendered":"Europa en Breve desde Londres"},"content":{"rendered":"<h2>Paquete Europa en Breve \u201cdesde Londres\u201d<\/h2>\n<blockquote><p>14 \u00f3 18\u00a0 D\u00edas Desde 1.610 \u20ac<br \/>\nLondres &#8211; Par\u00eds \u2013 El Rin \u2013 Frankfurt \u2013 Zurich \u2013\u00a0 Vaduz &#8211; Innsbruck \u2013 Venecia\u00a0 \u2013\u00a0 Florencia\u00a0 \u2013 Roma \u2013 Pisa \u2013 Niza \u2013 Barcelona \u2013 Zaragoza &#8211; Madrid<\/p><\/blockquote>\n<p>D\u00eda 1\u00ba (S\u00e1bado) AMERICA<br \/>\nSalida en vuelo intercontinental con destino a Londres.<\/p>\n<p>Dia 2\u00ba (Domingo) LONDRES<br \/>\nLlegada y traslado al Hotel. Alojamiento. Dia libre para disfrutar de la ciudad y pasear por sus avenidas y llegarnos a Piccadilly Circus para vivir su bullicioso ambiente.<\/p>\n<p>Dia 3\u00ba (Lunes) LONDRES<br \/>\nDesayuno en el Hotel y salida para hacer la visita de la ciudad recorriendo sus principales avenidas y monumentos Piccadilly Circus, Oxford Street, Trafalgar Square, Abad\u00eda de Westminster y terminado frente al Palacio de Buckinghan para asistir al cambio de guardia. Tarde\u00a0 libre. Alojamiento.<\/p>\n<p>D\u00eda 4\u00ba (Martes)\u00a0 LONDRES \/ PARIS\u00a0 con el EUROSTAR<br \/>\nDesayuno y tiempo libre hasta ser trasladados a la estacion para tomar el tren rapido Eurostar, que nos conducira a Paris por el Tunel bajo el Canal de la Mancha. Llegada a Paris y traslado al Hotel. Alojamiento. A \u00faltima hora de la tarde salida opcional para hacer\u00a0 un\u00a0 recorrido por el Paris iluminado, y\u00a0\u00a0 realizar\u00a0 un bello paseo en barco por El Sena a bordo de los populares\u00a0 \u201cbateaux mouche\u201d (Iluminaciones y Paseo en Bateaux Mouche incluido en el Paquete Plus P+)\u00a0 Alojamiento.<\/p>\n<p>D\u00eda 5\u00ba (Miercoles) PARIS<br \/>\nDesayuno Buffet en el Hotel. Salida para efectuar el recorrido de la ciudad, sus principales avenidas y monumentos como son :la isla de la Cit\u00e9, Notre Dame, el Arco de Triunfo, los Campos El\u00edseos, los Inv\u00e1lidos, la Opera y la Torre Eiffel, teniendo la oportunidad de subir a la misma para admirar desde all\u00ed una bella panor\u00e1mica de todo Par\u00eds. (Subida a la Torre Eiffel 2\u00ba Piso incluida en el Paquete Plus P+)\u00a0 A continuaci\u00f3n de nuestra visita tendremos la opci\u00f3n de degustar el almuerzo en un t\u00edpico Bistrot. (Almuerzo incluido en el Paquete Plus P+). Por la tarde sugerimos hacer una visita opcional a Versalles para poder visitar su bello Palacio y famosos jardines. Alojamiento.<\/p>\n<p>D\u00eda 6\u00ba (Jueves) PARIS<br \/>\nDesayuno Buffet en el Hotel. Destinaremos este d\u00eda a pasear libremente por la ciudad, sus paseos y bulevares, y quiz\u00e1 acercarnos\u00a0 al museo del Louvre para poder conocer su gran colecci\u00f3n de arte\u00a0 y terminar asistiendo al espect\u00e1culo del\u00a0 Molino\u00a0 Rojo o el\u00a0 Lido . Alojamiento.<\/p>\n<p>D\u00eda 7\u00ba (Viernes) PARIS \/ KOBLENZA \/ FRANKFURT (620 Kms)\u00a0 \u201cCRUCERO POR EL RIO RIN\u201d<br \/>\nDespu\u00e9s del desayuno buffet saldremos en direcci\u00f3n a la regi\u00f3n del Champagne, prosiguiendo viaje\u00a0 a Alemania para llegar a Koblenza bella ciudad a orillas del rio Rin por el cual haremos un delicioso paseo-crucero (desde Abril ) embarc\u00e1ndonos en Boppard hasta St Goar desde donde proseguiremos nuestro camino a Frankfurt por cuyo centro podremos pasear y aprovechar para degustar una sabrosa cerveza y unas t\u00edpicas salchichas. (Cena Incluida en el Paquete Plus P+). Alojamiento.<\/p>\n<p>D\u00eda 8\u00ba\u00a0 (S\u00e1bado)\u00a0 FRANKFURT \/ HEIDELBERG \/<br \/>\nLUCERNA \/ ZURICH\u00a0 (514 Kms)<br \/>\nDesayuno Buffet en nuestro Hotel y salida hacia una de las m\u00e1s interesantes ciudades de Alemania, Heidelberg ciudad universitaria con un precioso casco antiguo y dominada por su Castillo. Tiempo libre y continuacion de nuestro viaje, bordeando la Selva Negra hacia Basilea para entrar en Suiza, y continuar a Lucerna, una de las mas bellas ciudades de Suiza a orillas del Lago de los Cuatro Cantones. Tiempo libre y continuacion de nuestra ruta a Zurich la capital financiera del pais.. Alojamiento.<\/p>\n<p>D\u00eda 9\u00ba (Domingo)\u00a0 ZURICH \/ VADUZ\/ INNSBRUCK \/VENECIA<br \/>\nDesayuno Buffet y salida hacia el peque\u00f1o pais de Liechtestein, con su capital Vaduz. Seguimos nuestra ruta hacia Austria adentrandonos en la bella region del Tirol, y su capital Innsbruck. Tiempo libre para recorrer su centro historico. Por la tarde continuamos nuestro viaje a Venecia. Alojamiento. Esta noche podremos degustar una rica cena con aut\u00e9ntico sabor italiano (Cena incluida en Paquete Plus P+)\u00a0 Alojamiento<\/p>\n<p>D\u00eda 10\u00ba (Lunes)\u00a0 VENECIA\/ PADUA \/ FLORENCIA<br \/>\nDesayuno Buffet. Salida para\u00a0 efectuar la visita de la ciudad a pie finalizando en la Plaza de San\u00a0 Marcos, e incluyendo la visita a un taller del famoso cristal veneciano. Tiempo libre en la ciudad antes de salir hacia Padua, donde tendremos tiempo libre para poder visitar la Bas\u00edlica de San Antonio. Continuaci\u00f3n a Florencia, la ciudad m\u00e1s bella de Europa, por su riqueza arquitect\u00f3nica y art\u00edstica. Alojamiento<\/p>\n<p>D\u00eda 11\u00ba\u00a0 (Martes)\u00a0 FLORENCIA \/ ROMA<br \/>\nDesayuno Buffet. Por la ma\u00f1ana recorreremos el centro art\u00edstico de la ciudad con su Duomo, el Campanile de Giotto, el Baptisterio de San Giovanni, la Iglesia de S. Lorenzo, la Plaza de la Signoria, la Loggia di Lanzi y la Iglesia de Sta Maria dei Fiore, terminando en el Ponte Vecchio, antiguo centro comercial de la ciudad.\u00a0 (Almuerzo incluido en Paquete Plus P+). Por la tarde salida hacia la ciudad Eterna, Roma. Llegada y alojamiento. A \u00faltima hora podremos opcionalmente hacer un recorrido de la Roma Iluminada para poder admirar todo el esplendor de la ciudad y sus bellos monumentos. (Recorrido Nocturno incluido en el paquete Plus P+) Alojamiento.<\/p>\n<p>D\u00eda 12\u00ba (Mi\u00e9rcoles) ROMA<br \/>\nDesayuno Buffet. Salida para poder realizar opcionalmente la visita detallada del Vaticano incluyendo sus Museos, Capilla Sixtina y Bas\u00edlica del Vaticano. (Visita al Museo Vaticano Incluida en el Paquete Plus P+) al t\u00e9rmino de la visita al Vaticano haremos un recorrido panor\u00e1mico de la ciudad eterna visitando la Plaza de Venecia con el Monumento a Victor Emmanuel II, los Foros Imperiales y Romanos, San Juan de Letran, el\u00a0 Templo de Vesta, El Coliseo, Arco de Constantino, la Via Veneto y el Castillo de St. Angelo. Al t\u00e9rmino de nuestra visita sugerimos disfruytar vde un buen almuerzo en un restaurante t\u00edpico italiano. . (Almuerzo Incluido en el Paquete Plus P +) Alojamiento.<\/p>\n<p>D\u00eda 13\u00ba (Jueves) ROMA<br \/>\nD\u00eda libre en Roma. Sugerimos en este d\u00eda tomar una excursi\u00f3n de todo el d\u00eda par visitar las bella ciudad de N\u00e1poles y\u00a0 la Isla de Capri, Alojamiento<\/p>\n<p>D\u00eda 14\u00ba (Viernes) ROMA \/ PISA \/ COSTA AZUL\u00a0 (680 Kms)<br \/>\nDesayuno Bufet y salida hcaia Pisa. Tiempo libre para visitar el conjunto historico con su famosa Torre Inclinada. (Almuerzo incluido en el Paquete Plus P+) Continuacion hacia el norte siguiendo la costa por la riveiera de las Flores, para llegar a la Costa Azul a ultima hora de la tarde. Alojamiento.<\/p>\n<p>Para los pasajeros terminando servicios en Roma (14 dias): Desayuno Buffet y tiempo libre hasta ser conducidos al Aeropuerto para\u00a0 tomar el avi\u00f3n de regreso.<\/p>\n<p>D\u00eda 15\u00ba (S\u00e1bado) COSTA AZUL \/ BARCELONA (648 Kms)<br \/>\nDesayuno Bufet y salida hacia Nimes, Narbonne y cruzando la frontera con Espa\u00f1a llegar a Barcelona a media tarde. Esta noche tendremos la oportunidad de asistir a una cena opcional en el Pueblo Espa\u00f1ol donde se envcuentra una reproduccion de las ciudades y monumentos mas conocidos de Espa\u00f1a. (Entrada y cena en el pueblo espa\u00f1ol incluida en el Paquete Plus P+)<\/p>\n<p>Dia 16\u00ba (Domingo) BARCELONA \/ MADRID (630 Kms)<br \/>\nDesayuno Bufet y despues de un breve recorrido panoramico por la ciudad para poder admirar la Sagrada Familia y conocer paseos como las Ramblas o admirar una bella panoramica de la ciudad desde la monta\u00f1a de Montjuich,\u00a0 salida hacia Zaragoza donde haremos una breve parada junto a la Basilica del Pilar. Continuacion a Madrid. Alojamiento. A ultima hora de la tarde\u00a0 haremos opcionalmente un recorrido por el Madrid iluminado terminando en la Plaza Mayor, donde podremos degustar las sabrosas Tapas en uno de los m\u00faltiples mesones que all\u00ed se encuentran. (Iluminaciones y Cena de Tapas\u00a0 Incluida en P+).<\/p>\n<p>D\u00eda 17\u00ba (Lunes)\u00a0 MADRID<br \/>\nDesayuno Buffet. Por la ma\u00f1ana visita de la ciudad recorriendo la Castellana, Gran V\u00eda, Cibeles y Neptuno, Puerta de Alcal\u00e1, Las Cortes,\u00a0 la Puerta del Sol, Plaza Mayor y Plaza de Oriente, y el Madrid moderno. Tarde Libre en el que sugerimos hacer una excursi\u00f3n a la ciudad imperial de Toledo, para admirar su Catedral, pasear por sus calles que nos transportan a la edad media, y extasiarnos delante de las pinturas del Greco. (Almuerzo Tipico y Visita a Toledo incluida en el Paquete Plus P+) Alojamiento.<\/p>\n<p>Dia 18\u00ba\u00a0 (Martes)\u00a0 MADRID<br \/>\nDesayuno Bufet. A la hora prevista traslado al aeropuerto para tomar el vuelo de regreso.<\/p>\n<p><strong>Para m\u00e1s informaci\u00f3n:<\/strong><\/p>\n<ul>\n<li>Turansa Eskala Roosevelt PBX: 2390-5757. (Abierto S\u00e1bados, Domingos y d\u00edas h\u00e1biles hasta 8:00 pm)<\/li>\n<li>Turansa Aguilar Batres 2476-0447<\/li>\n<li>Turansa Geminis 10 Zona Viva 23382361-74-98-99<\/li>\n<li>Antigua Guatemala 56512289<\/li>\n<\/ul>\n","protected":false},"excerpt":{"rendered":"<p>Paquete Europa en Breve \u201cdesde Londres\u201d 14 \u00f3 18\u00a0 D\u00edas Desde 1.610 \u20ac Londres &#8211; Par\u00eds \u2013 El Rin \u2013 Frankfurt \u2013 Zurich \u2013\u00a0 Vaduz &#8211; Innsbruck \u2013 Venecia\u00a0 \u2013\u00a0 Florencia\u00a0 \u2013 Roma \u2013 Pisa \u2013 Niza \u2013 Barcelona \u2013 Zaragoza &#8211; Madrid D\u00eda 1\u00ba (S\u00e1bado) AMERICA Salida en vuelo intercontinental con destino a Londres. [&hellip;]<\/p>\n","protected":false},"author":1,"featured_media":0,"parent":1869,"menu_order":0,"comment_status":"closed","ping_status":"closed","template":"","meta":{"_genesis_hide_title":false,"_genesis_hide_breadcrumbs":false,"_genesis_hide_singular_image":false,"_genesis_hide_footer_widgets":false,"_genesis_custom_body_class":"","_genesis_custom_post_class":"","_genesis_layout":"","footnotes":""},"class_list":{"0":"post-1824","1":"page","2":"type-page","3":"status-publish","5":"entry"},"_links":{"self":[{"href":"https:\/\/www.turansa.com\/blog\/wp-json\/wp\/v2\/pages\/1824","targetHints":{"allow":["GET"]}}],"collection":[{"href":"https:\/\/www.turansa.com\/blog\/wp-json\/wp\/v2\/pages"}],"about":[{"href":"https:\/\/www.turansa.com\/blog\/wp-json\/wp\/v2\/types\/page"}],"author":[{"embeddable":true,"href":"https:\/\/www.turansa.com\/blog\/wp-json\/wp\/v2\/users\/1"}],"replies":[{"embeddable":true,"href":"https:\/\/www.turansa.com\/blog\/wp-json\/wp\/v2\/comments?post=1824"}],"version-history":[{"count":16,"href":"https:\/\/www.turansa.com\/blog\/wp-json\/wp\/v2\/pages\/1824\/revisions"}],"predecessor-version":[{"id":1976,"href":"https:\/\/www.turansa.com\/blog\/wp-json\/wp\/v2\/pages\/1824\/revisions\/1976"}],"up":[{"embeddable":true,"href":"https:\/\/www.turansa.com\/blog\/wp-json\/wp\/v2\/pages\/1869"}],"wp:attachment":[{"href":"https:\/\/www.turansa.com\/blog\/wp-json\/wp\/v2\/media?parent=1824"}],"curies":[{"name":"wp","href":"https:\/\/api.w.org\/{rel}","templated":true}]}}