{"id":1795,"date":"2010-01-07T10:36:06","date_gmt":"2010-01-07T17:36:06","guid":{"rendered":"http:\/\/www.turansa.com\/blog\/?page_id=1795"},"modified":"2012-11-05T13:22:28","modified_gmt":"2012-11-05T20:22:28","slug":"europa-en-bandeja","status":"publish","type":"page","link":"https:\/\/www.turansa.com\/blog\/viajes-europa\/paquetes-a-europa\/europa-en-bandeja\/","title":{"rendered":"Europa en Bandeja"},"content":{"rendered":"<h2>Paquete Europa en Bandeja<\/h2>\n<blockquote><p>De 19 a 26 dias\u00a0 Desde\u00a0 1.660 \u20ac<br \/>\nLondres &#8211; Paris \u2013 Bruselas \u2013 Gante \u2013 Brujas \u2013 Amberes &#8211; La Haya \u2013 Amsterdam \u2013 Colonia \u2013 El Rin \u2013 Frankfurt \u2013 Viena &#8211; Venecia \u2013 Florencia\u00a0 &#8211; San Giminiano &#8211; Siena &#8211; Roma &#8211; Pisa \u2013 Costa Azul \u2013 Barcelona &#8211; Madrid<\/p><\/blockquote>\n<p>D\u00eda 1\u00ba\u00a0 (Martes) AMERICA<br \/>\nSalida en vuelo\u00a0 intercontinental con destino a Londres<\/p>\n<p>D\u00eda 2\u00ba (Miercoles) LONDRES<br \/>\nLlegada al aeropuerto Heathrow y traslado al Hotel.. D\u00eda libre para tomar contacto con la ciudad\u00a0 y pasear por el centro comercial de esta gran\u00a0 urbe. Alojamiento.<\/p>\n<p>D\u00eda 3\u00ba (Jueves) LONDRES<br \/>\nDesayuno en el Hotel y salida para hacer la visita de la ciudad recorriendo sus principales avenidas y monumentos Piccadilly Circus, Oxford Street, Trafalgar Square, Abad\u00eda de Westminster y terminado frente al Palacio de Buckinghan para asistir al cambio de guardia. Tarde\u00a0 libre. Alojamiento.<\/p>\n<p>D\u00eda 4\u00ba (Viernes)\u00a0 LONDRES \/ PARIS\u00a0 en EUROSTAR<br \/>\nDesayuno\u00a0 y tiempo libre hasta ser conducidos a la estaci\u00f3n para tomar el tren Eurostar que nos conducir\u00e1 a Paris atravesando el Canal de la Mancha por el T\u00fanel bajo el Mar del Norte. Llegada a la capital de Francia y traslado al Hotel. Tiempo libre. A \u00faltima hora de la tarde salida para hacer un\u00a0 recorrido por el Paris iluminado, y\u00a0 tendremos la ocasi\u00f3n de realizar\u00a0 un bello paseo en barco por El Sena a bordo de los populares\u00a0 \u201cbateaux mouche\u201d\u00a0 (Paseo en Bateaux Mouche incluido en el Paquete Plus P+)\u00a0 Alojamiento.<\/p>\n<p>Para los Pasajeros iniciando servicios en Paris: Llegada y traslado al Hotel. Dia libre. A ultima hora de la tarde salida para realizar el tour de Paris iluminado. Alojamiento.<\/p>\n<p>Dia 5\u00ba (S\u00e1bado) PARIS<br \/>\nDesayuno Buffet en el Hotel. Salida para efectuar el recorrido de la ciudad, sus principales avenidas y monumentos como son :la isla de la Cit\u00e9, Notre Dame, el\u00a0 Arco de Triunfo, los Campos El\u00edseos, los Inv\u00e1lidos, la Opera y la Torre Eiffel, teniendo la oportunidad de subir a la misma para admirar desde all\u00ed una bella\u00a0 panor\u00e1mica de todo Par\u00eds. (Subida a la Torre Eiffel 2\u00ba Piso incluida en el\u00a0 Paquete Plus P+)\u00a0 Nuestra visita terminar\u00e1 en el centro de la ciudad donde tendremos la opci\u00f3n de degustar el almuerzo en un t\u00edpico Bistrot. (Almuerzo incluido en el\u00a0 Paquete Plus P+) . Por la tarde sugerimos hacer una visita opcional a Versalles para poder visitar su bello Palacio y famosos jardines. Alojamiento<\/p>\n<p>Dia 6\u00ba (Domingo) PARIS<br \/>\nDesayuno Buffet en el Hotel. Destinaremos este d\u00eda a pasear libremente por la ciudad, sus paseos y bulevares, y quiz\u00e1 acercarnos al museo del Louvre para poder conocer su gran\u00a0\u00a0 colecci\u00f3n de arte y por la noche\u00a0 terminar asistiendo al espect\u00e1culo del\u00a0 Molino\u00a0 Rojo o el\u00a0 Lido . Alojamiento.<\/p>\n<p>Dia 7\u00ba (Lunes) PARIS \/ BRUSELAS\u00a0 ( 252 Kms)<br \/>\nDesayuno Bufet y salida hacia Lille y Bruselas. Llegada y visita panoramica de la ciudad con la espl\u00e9ndida Catedral de Saint-Michel, la Colonne du Congr\u00e8s, el barrio de Heizel con el c\u00e9lebre Atomium,, la Place Royale, Palacio Real y el casco antiguo con la magnifica\u00a0 Grand Platz, posiblemente la m\u00e1s bella de Europa, Tiempo libre. Por la noche podremos opcionalmente disfrutar de una cena T\u00edpica en el entorno de la Grand Platz\u00a0 (Cena t\u00edpica\u00a0 incluida\u00a0 en el Paquete Plus P+). Alojamiento<\/p>\n<p>Dia 8\u00ba (Martes). BRUSELAS \/ GANTE \/ BRUJAS ( 168 Kms)<br \/>\nDesayuno Bufet y salida\u00a0 hacia la ciudad de Gante,\u00a0 con su magnifica Catedral de San Bayon, donde se expone el famoso Cordero Mistico, y el casco antiguo de ambiente medieval. Tiempo libre para pasear por la ciudad viaje y continuacion a Brujas. preciosa ciudad con sus inumerables canales que la cruzan y nos recuerdan Venecia. Visita de la ciudad: el Lago de Amor y el Beaterio, la Iglesia de Nuestra Se\u00f1ora y la estatua de Miguel Angel, la Plaza Mayor y la Atalaya. Posibilidad de hacer un paseo en\u00a0 barco por los Canales. (Paseo en barco incluido en el paquete Plus P+) Tiempo libre para pasear por el casco antiguo (Almuerzo incluido en el Paquete Plus P+)\u00a0 Alojamiento<\/p>\n<p>D\u00eda 9\u00ba (Miercoles) BRUJAS \/ AMBERES\u00a0 \/ LA HAYA \/ AMSTERDAM (280 Kms)<br \/>\nDesayuno Buffet y salida para Amberes, la ciudad de Rubens y el segundo puerto en importancia de Europa y el mercado de diamantes mas importante de la Europa Occidental.. Nos detendremos en su Plaza Mayor.con sus casas llenas de historia. Tiempo libre y continuacion a La Haya, la capital de Holanda, donde se levanta el Parlamento y el\u00a0 Palacio de la Paz..\u00a0 Llegada a Amsterdam al mediodia. Por la tarde salida para efectuar la visita de la ciudad a bordo de un barco que nos conducir\u00e1 por sus canales y desde donde podremos admirar sus fachadas e iglesias de los siglos 16 y 17, y el puerto antiguo de la ciudad. Al final de la visita nos detendremos en una fabrica de talla de diamantes. (Cena incluida en el Paquete Plus P+) Alojamiento.<\/p>\n<p>D\u00eda 10\u00ba (Jueves )\u00a0 AMSTERDAM<br \/>\nDesayuno Buffet en el Hotel. Dia libre para disfrutar de esta encantadora ciudad..\u00a0 Sugerimos hacer una visita opcional a las cercanas poblaciones de Volendam, t\u00edco pueblo pesquero, y a Marken situada en una isla unida al continente por un dique. Podremos visitar tambien una fabrica de queso holand\u00e9s.\u00a0 (Visita y almuerzo incluido en el paquete Plus P+)<\/p>\n<p>D\u00eda 11\u00ba (Viernes)\u00a0 AMSTERDAM \/ COLONIA \/ EL RIN \/ FRANKFURT ( 510 Kms) \u201c Crucero por\u00a0 el R\u00edo Rin \u201c Desayuno Buffet y salida hacia Colonia. Tiempo libre para poder visitar su bella Catedral y continuaci\u00f3n bordeando el r\u00edo Rin a Coblenza. y Boppard donde embarcaremos para realizar un crucero por el r\u00edo hasta St Goar (de Abril a Octubre). Continuaci\u00f3n a Frankfurt, donde llegaremos al centro de la ciudad y dispondrenos de tiempo libre para recorrer caminando su centro historico, y la plaza de Romer. antes de dirigirnos a nuestro (Cena incluida en Paquete Plus P+).<\/p>\n<p>D\u00eda 12\u00ba\u00a0 (S\u00e1bado) FRANKFURT \/ REGENSBURG \/\u00a0 VIENA \u201cLA RUTA ROMANTICA\u201d (724 Kms)<br \/>\nDesayuno Buffet en nuestro Hotel y salida hacia una de las m\u00e1s bellas regiones de Alemania conocida como la Alemania Rom\u00e1ntica. Llegaremos a Regensburg una\u00a0 ciudad con un pasado glorioso. Tiempo libre para el almuerzo. (Almuerzo incluido en Paquete Plus P+) Por la tarde<br \/>\nproseguimos nuestra ruta hacia Austria\u00a0 llegando a Linz y Viena, la ciudad de los Valses, del Danubio y m\u00e1ximo exponente de la vida imperial. Alojamiento<\/p>\n<p>D\u00eda 13\u00ba (Domingo) VIENA<br \/>\nDesayuno buffet. Salida para hacer nuestro recorrido por la ciudad . A lo largo de los Rings podremos admirar sus suntuosos edificios como el Museo de las Artes Aplicadas, la Opera, los Museos de Bellas Artes y Ciencias, el Parlamento, el Ayuntamiento hasta llegar al Palacio de Schoenbrunn antigua residencia de la familia imperial. Al terminar nuestra visita tiempo libre para almorzar. Tarde Libre. A \u00faltima hora salida asistir opcionalmente a un espect\u00e1culo de valses vieneses y cena. (Cena y espect\u00e1culo incluido en el Paquete Plus P+). Alojamiento<\/p>\n<p>D\u00eda 14\u00ba (Lunes) VIENA \/ KLAGENFURT \/VENECIA (596 Kms)<br \/>\nDesayuno Buffet y salida hacia Venecia Tiempo libre en ruta para almorzar y continuaci\u00f3n hacia Italia donde entraremos por Udine para llegar a Venecia a media tarde.\u00a0 Dia 15\u00ba (Martes) VENECIA Desayuno Bufet, Salida al trochetto para tomar el vaporetto que nos conducira a San Marcos. Visita de la ciudad por la ma\u00f1ana..(Almuerzo incluido en el Paqute Plus P+)Tiempo libre en la ciudad antes de opcionalmente poder gacer un paseo en barco por la Laguna. (Paseo por la Laguna incluido en el Paquete Plus P+)\u00a0 Alojamiento<\/p>\n<p>D\u00eda 16\u00ba (Miercoles)\u00a0 VENECIA\/ VERONA \/ PADUA \/ FLORENCIA\u00a0 (360 Kms)<br \/>\nDesayuno Buffet. Salida hacia Verona, y tiempo libre para recorrer su centro historico\u00a0 y recordar la bella historia de Romeo y Julieta. Continuaci\u00f3n a Padua, donde podremos visitar la Bas\u00edlica de San Antonio. Por la tarde llegada a Florencia, la ciudad m\u00e1s bella de Europa, por su riqueza arquitect\u00f3nica y art\u00edstica. Alojamiento en el Hotel.<\/p>\n<p>D\u00eda 17\u00ba (Jueves) FLORENCIA<br \/>\nDesayuno en el Hotel. Por la ma\u00f1ana recorreremos el centro art\u00edstico de la ciudad con su Duomo, el Campanile de Giotto, el Baptisterio de San Giovanni, la Iglesia de S. Lorenzo, la Plaza de la Signoria, la Loggia di Lanzi y la Iglesia de Sta Maria dei Fiore, terminando en el Ponte Vecchio, antiguo centro comercial de la ciudad.\u00a0 (Almuerzo incluido\u00a0 en Paquete Plus P+).\u00a0 Por la tarde sugerimos llegarnos a visitar el famoso Museo de la Accademia para poder admirar entre sus obras el David de Miguel Angel Alojamiento.<\/p>\n<p>D\u00eda 18\u00ba (Jueves) FLORENCIA \/ SAN GIMINIANO \/ SIENA \/ROMA (366 Kms)<br \/>\nDesayuno Buffet y salida para realizar uno de los d\u00edas m\u00e1s completos de nuestro viaje. La llegada a San Giminiano nos llenar\u00e1 de asombro y estupor ante la vista de la ciudad de las Torres. Poco m\u00e1s tarde estaremos en la Plaza del Campo de Siena, y recordaremos las bellas im\u00e1genes de la famosa<br \/>\n\u201ccarrera del palio\u201d que se celebra en ella todos los a\u00f1os. Tiempo libre para almorzar (Almuerzo incluido en el Paquete Plus P+). Continuaci\u00f3n a Roma. A \u00faltima hora haremos un recorrido de la Roma Iluminada para poder admirar todo el esplendor de la ciudad y sus bellos monumentos.\u00a0 Alojamiento.<\/p>\n<p>D\u00eda 19\u00ba (S\u00e1bado) ROMA<br \/>\nDesayuno Buffet. Salida para poder realizar opcionalmente la visita detallada del Vaticano incluyendo sus Museos, Capilla Sixtina y Bas\u00edlica del Vaticano. (Visita al Museo Vaticano Incluida en el Paquete Plus P+) al t\u00e9rmino de la visita al Vaticano haremos un recorrido panor\u00e1mico de la ciudad eterna visitando la Plaza de Venecia con el Monumento a Victor Emmanuel II, los Foros Imperiales y Romanos, San Juan de Letran, el\u00a0 Templo de Vesta, El Coliseo, Arco de Constantino, la Via Veneto y el Castillo de St. Angelo. Al t\u00e9rmino de nuestra visita sugerimos disfruytar vde un buen almuerzo en un restaurante t\u00edpico italiano. . (Almuerzo Incluido en el Paquete Plus P +) Alojamiento.<\/p>\n<p>D\u00eda 20\u00ba (Domingo) ROMA<br \/>\nDesayuno. D\u00eda libre en Roma. Sugerimos en este d\u00eda tomar una excursi\u00f3n de todo el d\u00eda par visitar las bella ciudad de N\u00e1poles y\u00a0 la Isla de Capri, Alojamiento<\/p>\n<p>D\u00eda 21\u00ba (Lunes) ROMA \/ PISA \/ COSTA AZUL\u00a0 (653 Kms)<br \/>\nDesayuno y salida hacia Pisa, donde dispondremos de tiempo libre para admirar la Plaza de Los Milagros, la Torre Inclinada , el Duomo y el Baptisterio. Tiempo libre para el almuerzo. (Almuerzo Incluido en el Paquete Plus P+) Continuaci\u00f3n por la Riviera de las Flores para llegar a la\u00a0 Costa Azul . Alojamiento en Niza o Cannes<\/p>\n<p>Para los pasajeros terminando su tour en Roma: Desayuno y tiempo libre hasta la hora prevcista para su traslado al Aeropuerto.<\/p>\n<p>D\u00eda 22\u00ba (Martes) COSTA AZUL \/\u00a0 BARCELONA (682 Kms)<br \/>\nDesayuno. Por la ma\u00f1ana salida\u00a0 Arles, Nimes, Montpellier y Barcelona donde llegaremos a media tarde. Alojamiento. Esta noche podremos visitar el Pueblo espa\u00f1ol donde se encierra una reproducci\u00f3n de los monumentos y edificios m\u00e1s bellos y representativos de las ciudades de Espa\u00f1a y donde podremos degustar una cena t\u00edpica.\u00a0\u00a0\u00a0 ( Entrada y Cena en el Pueblo Espa\u00f1ol incluida en el Paquete Plus\u00a0 P+)<\/p>\n<p>D\u00eda 23\u00ba (Miercoles) BARCELONA<br \/>\nDesayuno. Por la ma\u00f1ana visita de la ciudad, recorriendo sus principales avenidas como la Plaza de Catalu\u00f1a, el Paseo de Gracia, la Diagonal, La Sagrada Familia de Gaudi, el barrio G\u00f3tico con la Catedral, las Ramblas y finalmente el parque de Montjuich desde donde disfrutaremos de una bella panor\u00e1mica de la ciudad y su puerto. Tiempo libre para el almuerzo en el Puerto Ol\u00edmpico. (Almuerzo en el Puerto Ol\u00edmpico incluido en el Paquete Plus P+) Tarde libre. Alojamiento<\/p>\n<p>D\u00eda 24\u00ba (Jueves) BARCELONA \/ ZARAGOZA\/ MADRID (635 Kms)<br \/>\nDesayuno y salida hacia Zaragoza, donde efectuaremos una parada. Continuaci\u00f3n a Madrid. Llegada y alojamiento. A ultima hora de la tarde salida para hacer un recorrido de la ciudad iluminada terminando en la Plaza Mayor en cuyos alrededores numerosas tascas y mesones nos ofrecen ricos platos (Cena de Tapas incluida en el Paquete Plus\u00a0 P+)<\/p>\n<p>D\u00eda 25\u00ba (Viernes)\u00a0\u00a0\u00a0 MADRID<br \/>\nDesayuno. Por la ma\u00f1ana visita de la ciudad recorriendo la Castellana, Gran V\u00eda, Cibeles y Neptuno, La Puerta de Alcal\u00e1, Las Cortes, La Puerta del Sol y La Plaza de Oriente. Tiempo libre para almorzar. Por la tarde les proponemos hacer una excursi\u00f3n opcional a la bella e hist\u00f3rica ciudad de Toledo, donde admirar su Catedral, pasear por sus calles que nos trasportan a la edad media, y admirar las bellas pinturas del Greco. Alojamiento (Almuerzo y Visita a Toledo incluidos en el Paquete Plus P+)<\/p>\n<p>D\u00eda 26\u00ba (S\u00e1bado)\u00a0 MADRID<br \/>\nDesayuno en el Hotel. Traslado al Aeropuerto para tomar el vuelo de regreso.<\/p>\n<p><strong>Para m\u00e1s informaci\u00f3n:<\/strong><\/p>\n<ul>\n<li>Turansa Eskala Roosevelt PBX: 2390-5757. (Abierto S\u00e1bados, Domingos y d\u00edas h\u00e1biles hasta 8:00 pm)<\/li>\n<li>Turansa Aguilar Batres 2476-0447<\/li>\n<li>Turansa Geminis 10 Zona Viva 23382361-74-98-99<\/li>\n<li>Antigua Guatemala 56512289<\/li>\n<\/ul>\n","protected":false},"excerpt":{"rendered":"<p>Paquete Europa en Bandeja De 19 a 26 dias\u00a0 Desde\u00a0 1.660 \u20ac Londres &#8211; Paris \u2013 Bruselas \u2013 Gante \u2013 Brujas \u2013 Amberes &#8211; La Haya \u2013 Amsterdam \u2013 Colonia \u2013 El Rin \u2013 Frankfurt \u2013 Viena &#8211; Venecia \u2013 Florencia\u00a0 &#8211; San Giminiano &#8211; Siena &#8211; Roma &#8211; Pisa \u2013 Costa Azul \u2013 Barcelona [&hellip;]<\/p>\n","protected":false},"author":1,"featured_media":0,"parent":1869,"menu_order":0,"comment_status":"closed","ping_status":"closed","template":"","meta":{"_genesis_hide_title":false,"_genesis_hide_breadcrumbs":false,"_genesis_hide_singular_image":false,"_genesis_hide_footer_widgets":false,"_genesis_custom_body_class":"","_genesis_custom_post_class":"","_genesis_layout":"","footnotes":""},"class_list":{"0":"post-1795","1":"page","2":"type-page","3":"status-publish","5":"entry"},"_links":{"self":[{"href":"https:\/\/www.turansa.com\/blog\/wp-json\/wp\/v2\/pages\/1795","targetHints":{"allow":["GET"]}}],"collection":[{"href":"https:\/\/www.turansa.com\/blog\/wp-json\/wp\/v2\/pages"}],"about":[{"href":"https:\/\/www.turansa.com\/blog\/wp-json\/wp\/v2\/types\/page"}],"author":[{"embeddable":true,"href":"https:\/\/www.turansa.com\/blog\/wp-json\/wp\/v2\/users\/1"}],"replies":[{"embeddable":true,"href":"https:\/\/www.turansa.com\/blog\/wp-json\/wp\/v2\/comments?post=1795"}],"version-history":[{"count":11,"href":"https:\/\/www.turansa.com\/blog\/wp-json\/wp\/v2\/pages\/1795\/revisions"}],"predecessor-version":[{"id":1982,"href":"https:\/\/www.turansa.com\/blog\/wp-json\/wp\/v2\/pages\/1795\/revisions\/1982"}],"up":[{"embeddable":true,"href":"https:\/\/www.turansa.com\/blog\/wp-json\/wp\/v2\/pages\/1869"}],"wp:attachment":[{"href":"https:\/\/www.turansa.com\/blog\/wp-json\/wp\/v2\/media?parent=1795"}],"curies":[{"name":"wp","href":"https:\/\/api.w.org\/{rel}","templated":true}]}}