{"id":1780,"date":"2010-01-06T16:46:14","date_gmt":"2010-01-06T23:46:14","guid":{"rendered":"http:\/\/www.turansa.com\/blog\/?page_id=1780"},"modified":"2012-11-05T13:39:10","modified_gmt":"2012-11-05T20:39:10","slug":"la-europa-magica","status":"publish","type":"page","link":"https:\/\/www.turansa.com\/blog\/viajes-europa\/paquetes-a-europa\/la-europa-magica\/","title":{"rendered":"La Europa M\u00e1gica"},"content":{"rendered":"<h2>Paquete La Europa M\u00e1gica<\/h2>\n<blockquote><p>21, 24 \u00f3 25 d\u00edas\u00a0Desde 1.895 \u20ac<br \/>\nLisboa \u2013 Madrid &#8211; Burdeos &#8211; Paris \u2013 El Rin \u2013 Frankfurt \u2013 Regensburg &#8211; Viena \u2013 Venecia \u2013 Verona &#8211; Padua &#8211; Florencia \u2013 San Giminiano &#8211; Siena &#8211; Roma \u2013 Pisa \u2013 Costa Azul \u2013 Barcelona &#8211; Madrid<\/p><\/blockquote>\n<p>D\u00eda 1\u00ba (Martes) AMERICA<br \/>\nSalida en vuelo intercontinental con destino a Madrid.<br \/>\nDia 2\u00ba (Miercoles) LISBOA<br \/>\nLlegada al aeropuerto y traslado al Hotel. Dia libre para hacer nuestrp primer contacto con la bella capital de Portugal a orillas del rio Tajo, pasear por sus avenidas y su centro hist\u00f3rico y tipicos barrios. Alojamieno<\/p>\n<p>Dia 3\u00ba (Jueves) LISBOA<br \/>\nDesayuno Bufet y alojamiento en el Hotel. Por la ma\u00f1ana haremos la visita panoramica de la ciudad recorriendo los principales puntos turisticos de la ciudad Plaza del Rossio, Torre de Belem y Monasterio de los Jeronimos sus principales avenidas y monumentos como la Torre de Belem y el Monasterio de los Jer\u00f3nimos. . Por la tarde sugerimos hacer\u00a0 una visita a Fatima, uno de los centros de peregrinacion m\u00e1s famosos de la cristiandad. (Viaita a Fatima incluida en el Paquete Plus P+)<\/p>\n<p>Dia 4\u00ba (Viernes) LISBOA \/ MADRID<br \/>\nDesayuno bufet, y salida hacia Madrid donde llegaremos a media tarde. Alojamiento.<\/p>\n<p>D\u00eda 5 \u00ba\u00a0\u00a0 (S\u00e1bado)\u00a0\u00a0 MADRID<br \/>\nDesayuno Bufet en el Hotel. Dia libre para recorrer la ciudad, su tipico centro y quizas llegarnos a visitar el Museo del Prado. A ultima hora de la tarde\u00a0 haremos\u00a0 un recorrido por el Madrid iluminado terminando en la Plaza Mayor, donde podremos degustar las sabrosas Tapas en uno de los m\u00faltiples mesones que all\u00ed se encuentran. (Cena de Tapas\u00a0 Incluida en P+). Alojamiento.<\/p>\n<p>D\u00eda 6\u00ba (Domingo)\u00a0 MADRID<br \/>\nDesayuno Buffet. Por la ma\u00f1ana visita de la ciudad recorriendo la Castellana, Gran V\u00eda, Cibeles y Neptuno, Puerta de Alcal\u00e1, Las Cortes,\u00a0 la Puerta del Sol, Plaza Mayor y Plaza de Oriente, y el Madrid moderno. Tarde Libre en el que sugerimos hacer una excursi\u00f3n a la ciudad imperial de Toledo, para admirar su Catedral, pasear por sus calles que nos transportan a la edad media, y extasiarnos delante de las pinturas del Greco.\u00a0 (Almuerzo Tipico y Visita a Toledo incluida en el paquete Plus P+) Alojamiento..<\/p>\n<p>D\u00eda 7\u00ba (Lunes) MADRID \/ SAN SEBASTIAN \/ BURDEOS<br \/>\nDesayuno Buffet y salda hacia San Sebastian, \u201cla bella Easo\u201d. Tiempo libre para pasear por el paseo de la Concha y continuacion hacia Francia. Llegada a Burdeos. Alojamiento.<\/p>\n<p>D\u00eda 8\u00ba (Martes)\u00a0 BURDEOS \/ TOURS \/ PARIS<br \/>\nDesayuno Buffet y salida hacia la region de los Castillos del Loire. Parada en Tours y continuacion a Paris. A \u00faltima hora de la tarde salida para hacer\u00a0 un\u00a0 recorrido por el Paris iluminado, y\u00a0\u00a0 realizar\u00a0 un bello paseo en barco por El Sena a bordo de los populares\u00a0 \u201cbateaux mouche\u201d (Paseo en Bateaux Mouche incluido en el Paquete Plus P+)\u00a0 Alojamiento.<\/p>\n<p>D\u00eda 9\u00ba (Miercoles) PARIS<br \/>\nDesayuno Buffet en el Hotel. Salida para efectuar el recorrido de la ciudad, sus principales avenidas y monumentos como son :la isla de la Cit\u00e9, Notre Dame, el Arco de Triunfo, los Campos El\u00edseos, los Inv\u00e1lidos, la Opera y la Torre Eiffel, teniendo la oportunidad de subir a la misma para admirar desde all\u00ed una bella panor\u00e1mica de todo Par\u00eds. (Subida a la Torre Eiffel 2\u00ba Piso incluida en el Paquete Plus P+)\u00a0 Nuestra visita terminar\u00e1 en el barrio latino donde tendremos la opci\u00f3n de degustar el almuerzo en un t\u00edpico Bistrot. (Almuerzo incluido en el Paquete Plus P+) . Por la tarde sugerimos hacer una visita opcional a Versalles para poder visitar su bello Palacio y famosos jardines. Alojamiento.<\/p>\n<p>D\u00eda 10\u00ba (Jueves) PARIS<br \/>\nDesayuno Buffet en el Hotel. Destinaremos este d\u00eda a pasear libremente por la ciudad, sus paseos y bulevares, y quiz\u00e1 acercarnos\u00a0 al museo del Louvre para poder conocer su gran colecci\u00f3n de arte\u00a0 y terminar asistiendo al espect\u00e1culo del\u00a0 Molino\u00a0 Rojo o el\u00a0 Lido . Alojamiento.<\/p>\n<p>D\u00eda 11\u00ba (Viernes) PARIS \/ KOBLENZA \/ FRANKFURT (620 Kms)\u00a0 \u201cCRUCERO POR EL RIO RIN\u201d<br \/>\nDespu\u00e9s del desayuno buffet saldremos en direcci\u00f3n a la regi\u00f3n del Champagne, prosiguiendo viaje\u00a0 a Alemania para llegar a Koblenza bella ciudad a orillas del rio Rin por el cual haremos un delicioso paseo-crucero (desde Abril ) embarc\u00e1ndonos en Boppard hasta St Goar desde donde proseguiremos nuestro camino a Frankfurt por cuyo centro podremos pasear y aprovechar para degustar una sabrosa cerveza y unas t\u00edpicas salchichas. (Cena Incluida en el Paquete Plus P+). Alojamiento. en los alrededores de Frankfurt.<\/p>\n<p>D\u00eda 12\u00ba\u00a0 (S\u00e1bado) FRANKFURT \/ REGENSBURG \/\u00a0 VIENA \u201cLA RUTA ROMANTICA\u201d (724 Kms)<br \/>\nDesayuno Buffet en nuestro Hotel y salida hacia una de las m\u00e1s bellas regiones de Alemania conocida como la Alemania Rom\u00e1ntica. Llegaremos a Regensburg, una ciudad con un pasado glorioso. Tiempo libre para el almuerzo (Almuerzo incluido en el Paquete Plus P+). Por la tarde continuacion a Austria para llegar a Viena, la ciudad de los Valses a ultima hora de la tarde. Alojamiento.<\/p>\n<p>D\u00eda 13\u00ba (Domingo) VIENA<br \/>\nDesayuno buffet. Salida para hacer nuestro recorrido por la ciudad . A lo largo de los Rings podremos admirar sus suntuosos edificios como el Museo de las Artes Aplicadas, la Opera, los Museos de Bellas Artes y Ciencias, el Parlamento, el Ayuntamiento hasta llegar al Palacio de Schoenbrunn antigua residencia de la familia imperial. Al terminar nuestra visita tiempo libre para almorzar. Tarde Libre. A \u00faltima hora salida asistir opcionalmente a un espect\u00e1culo de valses vieneses y cena. (Cena y espect\u00e1culo incluido en el Paquete Plus P+). Alojamiento<\/p>\n<p>D\u00eda 14\u00ba (Lunes) VIENA \/ KLAGENFURT \/VENECIA (596 Kms)<br \/>\nDesayuno Buffet y salida hacia Venecia Tiempo libre en ruta para almorzar y continuaci\u00f3n hacia Italia donde entraremos por Udine para llegar a Venecia a media tarde. Alojamiento<\/p>\n<p>Dia 15\u00ba (Martes) VENECIA<br \/>\nDesayuno Bufet, Salida al trochetto para tomar el vaporetto que nos conducira a San Marcos. Visita de la ciudad por la ma\u00f1ana .(Almuerzo incluido en el Paquete Plus P+) Tarde libre en la ciudad antes de opcionalmente poder gacer un paseo en barco por la Laguna. (Paseo por la Laguna incluido en el Paquete Plus P+)\u00a0 Alojamiento<\/p>\n<p>D\u00eda 16\u00ba (Miercoles)\u00a0 VENECIA\/ VERONA \/ PADUA \/ FLORENCIA\u00a0 (360 Kms)<br \/>\nDesayuno Buffet. Salida hacia Verona, y tiempo libre para recorrer su centro historico\u00a0 y recordar la bella historia de Romeo y Julieta. Continuaci\u00f3n a Padua, donde podremos visitar la Bas\u00edlica de San Antonio. Por la tarde llegada a Florencia, la ciudad m\u00e1s bella de Europa, por su riqueza arquitect\u00f3nica y art\u00edstica. Alojamiento en el Hotel.<\/p>\n<p>D\u00eda 17\u00ba (Jueves) FLORENCIA<br \/>\nDesayuno en el Hotel. Por la ma\u00f1ana recorreremos el centro art\u00edstico de la ciudad con su Duomo, el Campanile de Giotto, el Baptisterio de San Giovanni, la Iglesia de S. Lorenzo, la Plaza de la Signoria, la Loggia di Lanzi y la Iglesia de Sta Maria dei Fiore, terminando en el Ponte Vecchio, antiguo centro comercial de la ciudad.\u00a0 (Almuerzo incluido\u00a0 en Paquete Plus P+).\u00a0 Por la tarde sugerimos llegarnos a visitar el famoso Museo de la Accademia para poder admirar entre sus obras el David de Miguel Angel Alojamiento.<\/p>\n<p>D\u00eda 18\u00ba (Jueves) FLORENCIA \/ SAN GIMINIANO \/ SIENA \/ROMA (366 Kms)<br \/>\nDesayuno Buffet y salida para realizar uno de los d\u00edas m\u00e1s completos de nuestro viaje. La llegada a San Giminiano nos llenar\u00e1 de asombro y estupor ante la vista de la ciudad de las Torres. Poco m\u00e1s tarde estaremos en la Plaza del Campo de Siena, y recordaremos las bellas im\u00e1genes de la famosa \u201ccarrera del palio\u201d que se celebra en ella todos los a\u00f1os. Tiempo libre para almorzar (Almuerzo incluido en el Paquete Plus P+). Continuaci\u00f3n a Roma. A \u00faltima hora haremos un recorrido de la Roma Iluminada para poder admirar todo el esplendor de la ciudad y sus bellos monumentos.\u00a0 Alojamiento.<\/p>\n<p>D\u00eda 19\u00ba (Viernes) ROMA<br \/>\nDesayuno Buffet. Salida para poder realizar opcionalmente la visita detallada del Vaticano incluyendo sus Museos, Capilla Sixtina y Bas\u00edlica del Vaticano. (Visita al Museo Vaticano Incluida en el Paquete Plus P+) al t\u00e9rmino de la visita al Vaticano haremos un recorrido panor\u00e1mico de la ciudad eterna visitando la Plaza de Venecia con el Monumento a Victor Emmanuel II, los Foros Imperiales y Romanos, San Juan de Letran, el\u00a0 Templo de Vesta, El Coliseo, Arco de Constantino, la Via Veneto y el Castillo de St. Angelo. Al t\u00e9rmino de nuestra visita sugerimos disfruytar vde un buen almuerzo en un restaurante t\u00edpico italiano. . (Almuerzo Incluido en el Paquete Plus P +) Alojamiento.<\/p>\n<p>D\u00eda 20\u00ba (S\u00e1bado) ROMA<br \/>\nDesayuno. D\u00eda libre en Roma. Sugerimos en este d\u00eda tomar una excursi\u00f3n de todo el d\u00eda par visitar las bella ciudad de N\u00e1poles y\u00a0 la Isla de Capri, Alojamiento<\/p>\n<p>D\u00eda 21\u00ba (Domingo) ROMA \/ PISA \/ COSTA AZUL\u00a0 (653 Kms)<br \/>\nDesayuno y salida hacia Pisa, donde dispondremos de tiempo libre para admirar la Plaza de Los Milagros, la Torre Inclinada , el Duomo y el Baptisterio. Tiempo libre para el almuerzo. (Almuerzo Incluido en el Paquete Plus P+) Continuaci\u00f3n por la Riviera de las Flores para llegar a la\u00a0 Costa Azul . Alojamiento en Niza o Cannes<\/p>\n<p>Para los pasajeros terminando su tour en Roma: Desayuno y tiempo libre hasta la hora prevcista para su traslado al Aeropuerto.<\/p>\n<p>D\u00eda 22\u00ba (Lunes) COSTA AZUL \/\u00a0 BARCELONA (682 Kms)<br \/>\nDesayuno. Por la ma\u00f1ana salida\u00a0 Arles, Nimes, Montpellier y Barcelona donde llegaremos a media tarde. Alojamiento. Esta noche podremos visitar el Pueblo espa\u00f1ol donde se encierra una reproducci\u00f3n de los monumentos y edificios m\u00e1s bellos y representativos de las ciudades de Espa\u00f1a y donde podremos degustar una cena t\u00edpica.\u00a0\u00a0\u00a0 ( Entrada y Cena en el Pueblo Espa\u00f1ol incluida en el Paquete Plus\u00a0 P+)<\/p>\n<p>D\u00eda 23\u00ba (Martes) BARCELONA<br \/>\nDesayuno. Por la ma\u00f1ana visita de la ciudad, recorriendo sus principales avenidas como la Plaza de Catalu\u00f1a, el Paseo de Gracia, la Diagonal, La Sagrada Familia de Gaudi, el barrio G\u00f3tico con la Catedral, las Ramblas y finalmente el parque de Montjuich desde donde disfrutaremos de una bella panor\u00e1mica de la ciudad y su puerto. Tiempo libre para el almuerzo en el Puerto Ol\u00edmpico. (Almuerzo en el Puerto Ol\u00edmpico incluido en el Paquete Plus P+) Tarde libre. Alojamiento<\/p>\n<p>Dia 24\u00ba (Miercoles) BARCELONA \/ ZARAGOZA \/ MADRID (620 Kms.)<br \/>\nDesayuno Bufet y salida hacia Zaragoza donde haremos una breve parada junto a la Basilica del Pilar. Continuacion a Madrid. Alojamiento.<\/p>\n<p>Para los pasajeros terminando servicios en Barcelona Desayuno Bufet. A la hora prevista traslado al aeropuerto para tomar su vuelo de salida.<\/p>\n<p>D\u00eda 25\u00ba (Jueves)\u00a0 MADRID<br \/>\nDesayuno en el Hotel. Traslado al Aeropuerto para tomar el vuelo\u00a0 de regreso.<\/p>\n<p><strong>Para m\u00e1s informaci\u00f3n:<\/strong><\/p>\n<ul>\n<li>Turansa Eskala Roosevelt PBX: 2390-5757. (Abierto S\u00e1bados, Domingos y d\u00edas h\u00e1biles hasta 8:00 pm)<\/li>\n<li>Turansa Aguilar Batres 2476-0447<\/li>\n<li>Turansa Geminis 10 Zona Viva 23382361-74-98-99<\/li>\n<li>Antigua Guatemala 56512289<\/li>\n<\/ul>\n","protected":false},"excerpt":{"rendered":"<p>Paquete La Europa M\u00e1gica 21, 24 \u00f3 25 d\u00edas\u00a0Desde 1.895 \u20ac Lisboa \u2013 Madrid &#8211; Burdeos &#8211; Paris \u2013 El Rin \u2013 Frankfurt \u2013 Regensburg &#8211; Viena \u2013 Venecia \u2013 Verona &#8211; Padua &#8211; Florencia \u2013 San Giminiano &#8211; Siena &#8211; Roma \u2013 Pisa \u2013 Costa Azul \u2013 Barcelona &#8211; Madrid D\u00eda 1\u00ba (Martes) AMERICA [&hellip;]<\/p>\n","protected":false},"author":1,"featured_media":0,"parent":1869,"menu_order":0,"comment_status":"open","ping_status":"open","template":"","meta":{"_genesis_hide_title":false,"_genesis_hide_breadcrumbs":false,"_genesis_hide_singular_image":false,"_genesis_hide_footer_widgets":false,"_genesis_custom_body_class":"","_genesis_custom_post_class":"","_genesis_layout":"","footnotes":""},"class_list":{"0":"post-1780","1":"page","2":"type-page","3":"status-publish","5":"entry"},"_links":{"self":[{"href":"https:\/\/www.turansa.com\/blog\/wp-json\/wp\/v2\/pages\/1780","targetHints":{"allow":["GET"]}}],"collection":[{"href":"https:\/\/www.turansa.com\/blog\/wp-json\/wp\/v2\/pages"}],"about":[{"href":"https:\/\/www.turansa.com\/blog\/wp-json\/wp\/v2\/types\/page"}],"author":[{"embeddable":true,"href":"https:\/\/www.turansa.com\/blog\/wp-json\/wp\/v2\/users\/1"}],"replies":[{"embeddable":true,"href":"https:\/\/www.turansa.com\/blog\/wp-json\/wp\/v2\/comments?post=1780"}],"version-history":[{"count":5,"href":"https:\/\/www.turansa.com\/blog\/wp-json\/wp\/v2\/pages\/1780\/revisions"}],"predecessor-version":[{"id":1955,"href":"https:\/\/www.turansa.com\/blog\/wp-json\/wp\/v2\/pages\/1780\/revisions\/1955"}],"up":[{"embeddable":true,"href":"https:\/\/www.turansa.com\/blog\/wp-json\/wp\/v2\/pages\/1869"}],"wp:attachment":[{"href":"https:\/\/www.turansa.com\/blog\/wp-json\/wp\/v2\/media?parent=1780"}],"curies":[{"name":"wp","href":"https:\/\/api.w.org\/{rel}","templated":true}]}}